{"id":89,"date":"2025-01-23T15:15:17","date_gmt":"2025-01-23T15:15:17","guid":{"rendered":"https:\/\/ambiente.chia-cundinamarca.gov.co\/?page_id=89"},"modified":"2025-05-22T16:51:15","modified_gmt":"2025-05-22T16:51:15","slug":"quienes-somos","status":"publish","type":"page","link":"https:\/\/ambiente.chia-cundinamarca.gov.co\/?page_id=89","title":{"rendered":"Quienes Somos"},"content":{"rendered":"\t\t<div data-elementor-type=\"wp-page\" data-elementor-id=\"89\" class=\"elementor elementor-89\" data-elementor-post-type=\"page\">\n\t\t\t\t<div class=\"elementor-element elementor-element-cb94c86 e-flex e-con-boxed e-con e-parent\" data-id=\"cb94c86\" data-element_type=\"container\" data-e-type=\"container\">\n\t\t\t\t\t<div class=\"e-con-inner\">\n\t\t\t\t<div class=\"elementor-element elementor-element-7fbaf67 elementor-widget elementor-widget-heading\" data-id=\"7fbaf67\" data-element_type=\"widget\" data-e-type=\"widget\" data-widget_type=\"heading.default\">\n\t\t\t\t<div class=\"elementor-widget-container\">\n\t\t\t\t\t<h2 class=\"elementor-heading-title elementor-size-default\">\u00bfQui\u00e9nes Somos? <\/h2>\t\t\t\t<\/div>\n\t\t\t\t<\/div>\n\t\t\t\t<div class=\"elementor-element elementor-element-cc351c8 elementor-widget elementor-widget-heading\" data-id=\"cc351c8\" data-element_type=\"widget\" data-e-type=\"widget\" data-widget_type=\"heading.default\">\n\t\t\t\t<div class=\"elementor-widget-container\">\n\t\t\t\t\t<h2 class=\"elementor-heading-title elementor-size-default\">Misi\u00f3n:<\/h2>\t\t\t\t<\/div>\n\t\t\t\t<\/div>\n\t\t\t\t<div class=\"elementor-element elementor-element-b93e6d6 elementor-widget elementor-widget-text-editor\" data-id=\"b93e6d6\" data-element_type=\"widget\" data-e-type=\"widget\" data-widget_type=\"text-editor.default\">\n\t\t\t\t<div class=\"elementor-widget-container\">\n\t\t\t\t\t\t\t\t\t<p><span style=\"color: #000000;\">Organizar, coordinar, ejecutar, evaluar y controlar las pol\u00edticas, planes, programas, proyectos y procesos relacionados con los sistemas de fomento y desarrollo integral del municipio de Ch\u00eda en el sector ambiental. (Contemplada en el Decreto 40 de 2019).<\/span><\/p>\t\t\t\t\t\t\t\t<\/div>\n\t\t\t\t<\/div>\n\t\t\t\t<div class=\"elementor-element elementor-element-eb22397 elementor-widget elementor-widget-heading\" data-id=\"eb22397\" data-element_type=\"widget\" data-e-type=\"widget\" data-widget_type=\"heading.default\">\n\t\t\t\t<div class=\"elementor-widget-container\">\n\t\t\t\t\t<h2 class=\"elementor-heading-title elementor-size-default\">Funciones:<\/h2>\t\t\t\t<\/div>\n\t\t\t\t<\/div>\n\t\t\t\t<div class=\"elementor-element elementor-element-b7b8bcc elementor-widget elementor-widget-text-editor\" data-id=\"b7b8bcc\" data-element_type=\"widget\" data-e-type=\"widget\" data-widget_type=\"text-editor.default\">\n\t\t\t\t<div class=\"elementor-widget-container\">\n\t\t\t\t\t\t\t\t\t<ul><li><span style=\"color: #000000;\">Promover y ejecutar pol\u00edticas nacionales, regionales y sectoriales en relaci\u00f3n con el medio ambiente y los recursos naturales renovables.<\/span><\/li><li><span style=\"color: #000000;\">Elaborar los planes, programas y proyectos en materia ambiental.<\/span><\/li><li><span style=\"color: #000000;\">Liderar la ejecuci\u00f3n del Plan de Manejo Ambiental Municipal.<\/span><\/li><li><span style=\"color: #000000;\">Ejercer las funciones de control y vigilancia el medio ambiente y de los recursos naturales renovables, seg\u00fan las disposiciones de ley.<\/span><\/li><li><span style=\"color: #000000;\">Coordinar con la Corporaci\u00f3n Aut\u00f3noma Regional y las autoridades departamentales las actividades de vigilancia y control que le compete a \u00e9stas.<\/span><\/li><li><span style=\"color: #000000;\">Dirigir y coordinar las actividades necesarias e indispensables para la protecci\u00f3n del ambiente y la riqueza ecol\u00f3gica del Municipio.<\/span><\/li><li><span style=\"color: #000000;\">Expedir las licencias y permisos que por delegaci\u00f3n de otras autoridades deba realizar.<\/span><\/li><li><span style=\"color: #000000;\">Cumplir las competencias que en materia ambiental se asignan a los municipios de acuerdo con la ley 99 de 1993 y sus disposiciones<\/span><br \/><span style=\"color: #000000;\">reformatorias, adem\u00e1s de las funciones que les sean delegadas por la ley o de las que deleguen o transfieran a los alcaldes por el Ministerio de Ambiente y Desarrollo Sostenible o por las Corporaciones Aut\u00f3nomas Regionales.<\/span><\/li><li><span style=\"color: #000000;\">Promover las campa\u00f1as peri\u00f3dicas para involucrar a toda la comunidad en acciones ambientales.<\/span><\/li><li><span style=\"color: #000000;\">Articular con la Secretar\u00eda de Planeaci\u00f3n, los mecanismos que permitan al municipio, en ejercicio de su autonom\u00eda, la preservaci\u00f3n y defensa del patrimonio ecol\u00f3gico y la gesti\u00f3n del riesgo ambiental.<\/span><\/li><li><span style=\"color: #000000;\">Participar de las decisiones del ordenamiento del territorio municipal en orden a disponer de instrumentos eficientes para orientar el desarrollo del territorio en armon\u00eda con el medio ambiente.<\/span><\/li><li><span style=\"color: #000000;\">Participar en la elaboraci\u00f3n, formulaci\u00f3n, ejecuci\u00f3n y seguimiento del Plan Municipal de desarrollo y Plan de Ordenamiento Territorial.<\/span><\/li><li><span style=\"color: #000000;\">Participar en la elaboraci\u00f3n, formulaci\u00f3n y ejecuci\u00f3n del Plan Indicativo de Acci\u00f3n y dem\u00e1s instrumentos de planificaci\u00f3n del sector.<\/span><\/li><li><span style=\"color: #000000;\">Formular los planes, programa y proyectos que permitan el cumplimiento de los objetivos de corto, mediano y largo plazo establecido en el Plan de Desarrollo Municipal, Plan de Ordenamiento Territorial y los instrumentos que lo complementan.<\/span><\/li><li><span style=\"color: #000000;\">Generar y reportar la informaci\u00f3n estad\u00edstica y geogr\u00e1fica requerida para el Sistema Estad\u00edstico y Geogr\u00e1fico Municipal en coordinaci\u00f3n con la Direcci\u00f3n de Sistemas de Informaci\u00f3n para la Planificaci\u00f3n.<\/span><\/li><li><span style=\"color: #000000;\">Dirigir y coordinar la prestaci\u00f3n de los servicios p\u00fablicos propios del manejo integral de residuos s\u00f3lidos.<\/span><\/li><li><span style=\"color: #000000;\">Ejercer la coordinaci\u00f3n intersectorial, interinstitucional y con la sociedad civil organizada en el marco de la implementaci\u00f3n del Sistema de Gesti\u00f3n de Residuos.<\/span><\/li><li><span style=\"color: #000000;\">Conocer, dar tr\u00e1mite y decidir el recurso de apelaci\u00f3n, de las decisiones que profieran los Inspectores Municipales de Polic\u00eda, respecto de los comportamientos contrarios a la convivencia en los siguientes asuntos:<\/span><\/li><\/ul><p>\u00a0<\/p><ol><li style=\"list-style-type: none;\"><ol><li><span style=\"color: #000000;\">Conocer, dar tr\u00e1mite y decidir el recurso de apelaci\u00f3n, de las decisiones que profieran los Inspectores Municipales de Polic\u00eda, respecto de los comportamientos contrarios a la convivencia en los siguientes asuntos:<\/span><\/li><li><span style=\"color: #000000;\">Comportamientos que afecten las especies de flora y fauna silvestre, entre los que se destacan la extracci\u00f3n, tr\u00e1fico, tenencia,<\/span><br \/><span style=\"color: #000000;\">comercializaci\u00f3n y movilizaci\u00f3n ilegal entre otros establecido en el art\u00edculo 101 de la ley 1801 de 2016.<\/span><\/li><li><span style=\"color: #000000;\">Comportamientos que afecten el aire, establecidos en el art\u00edculo 102 de la ley 1801 de 2016.<\/span><\/li><li><span style=\"color: #000000;\">Comportamientos que afecten las \u00e1reas protegidas del Sistema Nacional de \u00c1reas Protegidas (SINAP) y \u00e1reas de especial importancia ecol\u00f3gica, establecidos en el art\u00edculo 103 de la ley 1801 de 2016.<\/span><\/li><li><span style=\"color: #000000;\">Comportamientos relacionados con actividades que son objeto de control en el desarrollo de la miner\u00eda establecidas en el art\u00edculo 104 de la ley 1801 de 2016.<\/span><\/li><li><span style=\"color: #000000;\">Comportamientos contrarios a la limpieza y recolecci\u00f3n de residuos, escombros, residuos de construcci\u00f3n y demolici\u00f3n y malas pr\u00e1cticas habitacionales establecidas en el art\u00edculo 111 de la ley 1801 de 2016.<\/span><\/li><li><span style=\"color: #000000;\">espacio p\u00fablico propaganda, avisos o pasacalles, pancartas, pendones, vallas o banderolas, sin el debido permiso o incumpliendo las condiciones establecidas en la normatividad vigente, determinados en el art\u00edculo 51 del numeral 12 del art\u00edculo 140 y el numeral 3\u00ba del art\u00edculo 181 de la ley 1801 de 2016.<\/span><\/li><\/ol><\/li><\/ol>\t\t\t\t\t\t\t\t<\/div>\n\t\t\t\t<\/div>\n\t\t\t\t\t<\/div>\n\t\t\t\t<\/div>\n\t\t\t\t<\/div>\n\t\t","protected":false},"excerpt":{"rendered":"<p>\u00bfQui\u00e9nes Somos? Misi\u00f3n: Organizar, coordinar, ejecutar, evaluar y controlar las pol\u00edticas, planes, programas, proyectos y procesos relacionados con los sistemas de fomento y desarrollo integral del municipio de Ch\u00eda en el sector ambiental. (Contemplada en el Decreto 40 de 2019). Funciones: Promover y ejecutar pol\u00edticas nacionales, regionales y sectoriales en relaci\u00f3n con el medio ambiente [&hellip;]<\/p>\n","protected":false},"author":1,"featured_media":0,"parent":0,"menu_order":0,"comment_status":"closed","ping_status":"closed","template":"","meta":{"footnotes":""},"class_list":["post-89","page","type-page","status-publish","hentry"],"_links":{"self":[{"href":"https:\/\/ambiente.chia-cundinamarca.gov.co\/index.php?rest_route=\/wp\/v2\/pages\/89","targetHints":{"allow":["GET"]}}],"collection":[{"href":"https:\/\/ambiente.chia-cundinamarca.gov.co\/index.php?rest_route=\/wp\/v2\/pages"}],"about":[{"href":"https:\/\/ambiente.chia-cundinamarca.gov.co\/index.php?rest_route=\/wp\/v2\/types\/page"}],"author":[{"embeddable":true,"href":"https:\/\/ambiente.chia-cundinamarca.gov.co\/index.php?rest_route=\/wp\/v2\/users\/1"}],"replies":[{"embeddable":true,"href":"https:\/\/ambiente.chia-cundinamarca.gov.co\/index.php?rest_route=%2Fwp%2Fv2%2Fcomments&post=89"}],"version-history":[{"count":16,"href":"https:\/\/ambiente.chia-cundinamarca.gov.co\/index.php?rest_route=\/wp\/v2\/pages\/89\/revisions"}],"predecessor-version":[{"id":315,"href":"https:\/\/ambiente.chia-cundinamarca.gov.co\/index.php?rest_route=\/wp\/v2\/pages\/89\/revisions\/315"}],"wp:attachment":[{"href":"https:\/\/ambiente.chia-cundinamarca.gov.co\/index.php?rest_route=%2Fwp%2Fv2%2Fmedia&parent=89"}],"curies":[{"name":"wp","href":"https:\/\/api.w.org\/{rel}","templated":true}]}}