{"id":112,"date":"2025-01-23T15:30:41","date_gmt":"2025-01-23T15:30:41","guid":{"rendered":"https:\/\/ambiente.chia-cundinamarca.gov.co\/?page_id=112"},"modified":"2025-05-22T16:57:51","modified_gmt":"2025-05-22T16:57:51","slug":"guia-basica-pev","status":"publish","type":"page","link":"https:\/\/ambiente.chia-cundinamarca.gov.co\/?page_id=112","title":{"rendered":"Guia Basica PEV"},"content":{"rendered":"\t\t<div data-elementor-type=\"wp-page\" data-elementor-id=\"112\" class=\"elementor elementor-112\" data-elementor-post-type=\"page\">\n\t\t\t\t<div class=\"elementor-element elementor-element-13fab87 e-flex e-con-boxed e-con e-parent\" data-id=\"13fab87\" data-element_type=\"container\" data-e-type=\"container\">\n\t\t\t\t\t<div class=\"e-con-inner\">\n\t\t\t\t<div class=\"elementor-element elementor-element-43e39bc elementor-widget elementor-widget-heading\" data-id=\"43e39bc\" data-element_type=\"widget\" data-e-type=\"widget\" data-widget_type=\"heading.default\">\n\t\t\t\t<div class=\"elementor-widget-container\">\n\t\t\t\t\t<h2 class=\"elementor-heading-title elementor-size-default\">Gu\u00eda B\u00e1sica PEV<\/h2>\t\t\t\t<\/div>\n\t\t\t\t<\/div>\n\t\t\t\t<div class=\"elementor-element elementor-element-14410b1 elementor-widget elementor-widget-text-editor\" data-id=\"14410b1\" data-element_type=\"widget\" data-e-type=\"widget\" data-widget_type=\"text-editor.default\">\n\t\t\t\t<div class=\"elementor-widget-container\">\n\t\t\t\t\t\t\t\t\t<p>\u00a0<\/p><table border=\"1\"><tbody><tr><td style=\"text-align: center;\"><p style=\"text-align: left;\"><strong><span style=\"color: #000000;\">Requisitos Registro de <\/span><\/strong><strong><span style=\"color: #000000;\">publicidad exterior <\/span><\/strong><strong><span style=\"color: #000000;\">visual aviso temporal <\/span><\/strong><strong><span style=\"color: #000000;\">menor a 8 m\u00b2<\/span><\/strong><\/p><\/td><td style=\"text-align: center;\"><ol><li style=\"text-align: left;\"><span style=\"color: #000000;\">Formulario autorizaci\u00f3n y liquidaci\u00f3n uso de publicidad temporal. GMA- 50 \u2013V1 dispuesto en la p\u00e1gina oficial de la Alcald\u00eda de Ch\u00eda \/ Secretar\u00eda de Medio Ambiente.<\/span><\/li><li style=\"text-align: left;\"><span style=\"color: #000000;\">Anexar fotocopia de c\u00e1mara y comercio.<\/span><\/li><li style=\"text-align: left;\"><span style=\"color: #000000;\">Permiso otorgado por el propietario.<\/span><\/li><li style=\"text-align: left;\"><span style=\"color: #000000;\">Medidas del elemento (Render).<\/span><\/li><\/ol><p style=\"text-align: left;\"><span style=\"color: #000000;\">Para dar inicio al correspondiente tr\u00e1mite deber\u00e1 remitir al correo contactenos@chia.gov.co <\/span><\/p><p style=\"text-align: left;\"><span style=\"color: #000000;\">Una vez se realice la validaci\u00f3n de documentos se informar\u00e1 mediante el correo electr\u00f3nico del cual se reciben los requisitos el paso a seguir para dar continuidad a la solicitud.<\/span><\/p><\/td><\/tr><tr><td style=\"text-align: center;\"><p style=\"text-align: left;\"><strong><span style=\"color: #000000;\">Requisitos registro de publicidad exterior visual aviso local menor a 8 m\u00b2<\/span><\/strong><\/p><\/td><td style=\"text-align: center;\"><ol><li style=\"text-align: left;\"><span style=\"color: #000000;\">Formato solicitud de permisos avisos GMA- FT\u201344-V2, dispuesto en la p\u00e1gina oficial de la Alcald\u00eda de Ch\u00eda \/ Secretar\u00eda de Medio Ambiente.<\/span><\/li><li style=\"text-align: left;\"><span style=\"color: #000000;\">Recibo de industria y comercio vigente.<\/span><\/li><li style=\"text-align: left;\"><span style=\"color: #000000;\">Certificado de c\u00e1mara y comercio.<\/span><\/li><li style=\"text-align: left;\"><span style=\"color: #000000;\">Certificado de libertad y tradici\u00f3n del predio.<\/span><\/li><li style=\"text-align: left;\"><span style=\"color: #000000;\">Permiso del due\u00f1o del predio, autorizando la instalaci\u00f3n del aviso. <\/span><\/li><\/ol><p>\u00a0<\/p><p style=\"text-align: left;\"><span style=\"color: #000000;\">Para dar inicio al correspondiente tr\u00e1mite deber\u00e1 remitir al correo<\/span><span style=\"color: #000000;\">contactenos@chia.gov.co<\/span><\/p><p style=\"text-align: left;\"><span style=\"color: #000000;\">Una vez se realice la validaci\u00f3n de documentos se realizar\u00e1 la correspondiente visita de <\/span><span style=\"color: #000000;\">inspecci\u00f3n ocular al predio, se emitir\u00e1 el informe t\u00e9cnico y se enviar\u00e1 al correo <\/span><span style=\"color: #000000;\">electr\u00f3nico del cual ser reciben los requisitos la aprobaci\u00f3n o rechazo del registro de <\/span><span style=\"color: #000000;\">publicidad.<\/span><\/p><\/td><\/tr><tr><td style=\"text-align: center;\"><p style=\"text-align: left;\"><span style=\"color: #000000;\"><strong>Requisitos Registro de <\/strong><\/span><span style=\"color: #000000;\"><strong>vallas superior a 8 m\u00b2<\/strong><\/span><\/p><\/td><td style=\"text-align: center;\"><p style=\"text-align: left;\">Ingresar a la p\u00e1gina oficial de la Alcald\u00eda de Ch\u00eda, pesta\u00f1a tr\u00e1mites y servicios, instructivo registro de vallas superiores a 8 m\u00b2 (seguir los pasos al pie de la letra).<\/p><p style=\"text-align: left;\">Una vez realizado el pago de acuerdo con la liquidaci\u00f3n generada en el paso anterior deber\u00e1 remitirlo al correo contactenos@chia.gov.co junto con los siguientes documentos:<\/p><ol><li style=\"text-align: left;\">Formulario \u00fanico para la declaraci\u00f3n con el sello del banco (se descarga de la p\u00e1gina oficial de la alcald\u00eda de acuerdo con las instrucciones del instructivo).<\/li><li style=\"text-align: left;\">Certificado de tradici\u00f3n y libertad del predio.<\/li><li style=\"text-align: left;\">Copia del recibo de impuesto predial.<\/li><li style=\"text-align: left;\">Contrato de arrendamiento debidamente diligenciado.<\/li><li style=\"text-align: left;\">C\u00e1mara de comercio o Rut actualizado.<\/li><\/ol><p>\u00a0<\/p><p style=\"text-align: left;\">Documentos adicionales Valla Fija o led (Tubular) Nueva:<\/p><ol><li style=\"text-align: left;\">Carta de responsabilidad del ingeniero de suelos y\/o del ingeniero estructural.<\/li><li style=\"text-align: left;\">Copia de Tarjeta Profesional de los ingenieros.<\/li><li style=\"text-align: left;\">An\u00e1lisis estructural de la valla (memorias de c\u00e1lculo, manzana catastral, planos de la<br \/>valla).<\/li><li style=\"text-align: left;\">P\u00f3liza de responsabilidad civil extracontractual.<\/li><li style=\"text-align: left;\">Concepto secretaria de planeaci\u00f3n alcald\u00eda de ch\u00eda.<\/li><\/ol><p>\u00a0<\/p><p style=\"text-align: left;\">Posteriormente la Secretar\u00eda de Medio Ambiente programar\u00e1 una visita al predio donde est\u00e1 instalada la valla, emitir\u00e1 un concepto t\u00e9cnico y la resoluci\u00f3n con el n\u00famero de registro, la Secretar\u00eda de Medio Ambiente le enviar\u00e1 un correo notific\u00e1ndole que usted podr\u00e1 acercarse a la oficina ubicada en la Cra 7 # 12 -100 presencialmente y notificarse del acto administrativo, en caso de que el representante legal no pueda asistir al lugar de notificaci\u00f3n deber\u00e1 enviar un poder, autorizando a otra persona. Para notificarse deber\u00e1 presentar la cedula de ciudadan\u00eda.<\/p><\/td><\/tr><tr><td style=\"text-align: center;\"><p style=\"text-align: left;\"><strong>Requisitos Perifoneo<\/strong><\/p><\/td><td style=\"text-align: center;\"><ol><li style=\"text-align: left;\">Solicitud escrita por el responsable de la actividad especificando naturaleza el mensaje a difundir, fechas desde cuando hasta donde se realizar\u00e1 el evento, posibles v\u00edas de desplazamiento, medio de transporte a utilizar, nombre del conductor.<\/li><li style=\"text-align: left;\">Anexar fotocopias legibles de los documentos del conductor y veh\u00edculo (Licencia de conducci\u00f3n, tarjeta de propiedad vigente, SOAT vigente, revisi\u00f3n t\u00e9cnico mec\u00e1nica vigente).<\/li><li style=\"text-align: left;\">Si el evento contar\u00e1 con alg\u00fan tipo de producci\u00f3n fonogr\u00e1fica deber\u00e1 adjuntar paz y salvo de sayco y acinpro.<\/li><li style=\"text-align: left;\">Diligenciamiento completo del formulario autorizaci\u00f3n y liquidaci\u00f3n uso de publicidad temporal. GMA- 50 \u2013V1.<\/li><\/ol><p>\u00a0<\/p><p style=\"text-align: left;\">Para dar inicio al correspondiente tr\u00e1mite deber\u00e1 remitir al correo contactenos@chia.gov.co<\/p><p style=\"text-align: left;\">Una vez se realice la validaci\u00f3n de documentos se informar\u00e1 mediante el correo electr\u00f3nico del cual se reciben los requisitos el paso a seguir para dar continuidad a la solicitud.<\/p><p style=\"text-align: left;\">\u00a0<\/p><p>\u00a0<\/p><p style=\"text-align: left;\">\u00a0<\/p><\/td><\/tr><\/tbody><\/table><p>\u00a0<\/p>\t\t\t\t\t\t\t\t<\/div>\n\t\t\t\t<\/div>\n\t\t\t\t\t<\/div>\n\t\t\t\t<\/div>\n\t\t\t\t<\/div>\n\t\t","protected":false},"excerpt":{"rendered":"<p>Gu\u00eda B\u00e1sica PEV \u00a0 Requisitos Registro de publicidad exterior visual aviso temporal menor a 8 m\u00b2 Formulario autorizaci\u00f3n y liquidaci\u00f3n uso de publicidad temporal. GMA- 50 \u2013V1 dispuesto en la p\u00e1gina oficial de la Alcald\u00eda de Ch\u00eda \/ Secretar\u00eda de Medio Ambiente. Anexar fotocopia de c\u00e1mara y comercio. Permiso otorgado por el propietario. Medidas del [&hellip;]<\/p>\n","protected":false},"author":1,"featured_media":0,"parent":0,"menu_order":0,"comment_status":"closed","ping_status":"closed","template":"","meta":{"footnotes":""},"class_list":["post-112","page","type-page","status-publish","hentry"],"_links":{"self":[{"href":"https:\/\/ambiente.chia-cundinamarca.gov.co\/index.php?rest_route=\/wp\/v2\/pages\/112","targetHints":{"allow":["GET"]}}],"collection":[{"href":"https:\/\/ambiente.chia-cundinamarca.gov.co\/index.php?rest_route=\/wp\/v2\/pages"}],"about":[{"href":"https:\/\/ambiente.chia-cundinamarca.gov.co\/index.php?rest_route=\/wp\/v2\/types\/page"}],"author":[{"embeddable":true,"href":"https:\/\/ambiente.chia-cundinamarca.gov.co\/index.php?rest_route=\/wp\/v2\/users\/1"}],"replies":[{"embeddable":true,"href":"https:\/\/ambiente.chia-cundinamarca.gov.co\/index.php?rest_route=%2Fwp%2Fv2%2Fcomments&post=112"}],"version-history":[{"count":10,"href":"https:\/\/ambiente.chia-cundinamarca.gov.co\/index.php?rest_route=\/wp\/v2\/pages\/112\/revisions"}],"predecessor-version":[{"id":325,"href":"https:\/\/ambiente.chia-cundinamarca.gov.co\/index.php?rest_route=\/wp\/v2\/pages\/112\/revisions\/325"}],"wp:attachment":[{"href":"https:\/\/ambiente.chia-cundinamarca.gov.co\/index.php?rest_route=%2Fwp%2Fv2%2Fmedia&parent=112"}],"curies":[{"name":"wp","href":"https:\/\/api.w.org\/{rel}","templated":true}]}}